{"id":11,"date":"2023-04-11T06:28:49","date_gmt":"2023-04-11T06:28:49","guid":{"rendered":"https:\/\/dggd2.chd.at\/?page_id=11"},"modified":"2023-08-03T09:33:40","modified_gmt":"2023-08-03T09:33:40","slug":"home","status":"publish","type":"page","link":"https:\/\/www.kinderchirurgie-solari.at\/","title":{"rendered":"Home"},"content":{"rendered":"<p>[et_pb_section fb_built=&#8220;1&#8243; _builder_version=&#8220;4.21.0&#8243; _module_preset=&#8220;default&#8220; background_image=&#8220;https:\/\/www.kinderchirurgie-solari.at\/wp-content\/uploads\/2023\/04\/Adobe-Stock\u00a9Oksana-Kuzmina.jpg&#8220; background_position=&#8220;top_center&#8220; background_vertical_offset=&#8220;21%&#8220; width=&#8220;100%&#8220; max_width=&#8220;100%&#8220; module_alignment=&#8220;center&#8220; min_height=&#8220;747px&#8220; min_height_tablet=&#8220;476px&#8220; min_height_phone=&#8220;315px&#8220; min_height_last_edited=&#8220;on|phone&#8220; bottom_divider_style=&#8220;waves&#8220; bottom_divider_color=&#8220;#003456&#8243; hover_enabled=&#8220;0&#8243; background_last_edited=&#8220;on|tablet&#8220; parallax_phone=&#8220;off&#8220; background_size_phone=&#8220;cover&#8220; background_image_width_phone=&#8220;100%&#8220; background_image_height_phone=&#8220;92%&#8220; background_vertical_offset_phone=&#8220;42%&#8220; background_repeat_phone=&#8220;no-repeat&#8220; background_blend_phone=&#8220;normal&#8220; global_colors_info=&#8220;{}&#8220; title_text=&#8220;Adobe-Stock\u00a9Oksana-Kuzmina&#8220; sticky_enabled=&#8220;0&#8243;][et_pb_row _builder_version=&#8220;4.20.4&#8243; _module_preset=&#8220;default&#8220; width=&#8220;47%&#8220; custom_margin=&#8220;|auto||-33px||&#8220; global_colors_info=&#8220;{}&#8220;][et_pb_column type=&#8220;4_4&#8243; _builder_version=&#8220;4.20.4&#8243; _module_preset=&#8220;default&#8220; global_colors_info=&#8220;{}&#8220;][et_pb_image src=&#8220;https:\/\/www.kinderchirurgie-solari.at\/wp-content\/uploads\/2023\/04\/sonne.png&#8220; title_text=&#8220;sonne&#8220; _builder_version=&#8220;4.21.0&#8243; _module_preset=&#8220;default&#8220; custom_margin=&#8220;-130px|||||&#8220; custom_padding=&#8220;|424px||||&#8220; hover_enabled=&#8220;0&#8243; global_colors_info=&#8220;{}&#8220; sticky_enabled=&#8220;0&#8243;][\/et_pb_image][\/et_pb_column][\/et_pb_row][\/et_pb_section][et_pb_section fb_built=&#8220;1&#8243; _builder_version=&#8220;4.20.4&#8243; _module_preset=&#8220;default&#8220; background_color=&#8220;#003456&#8243; global_colors_info=&#8220;{}&#8220;][et_pb_row column_structure=&#8220;1_3,1_3,1_3&#8243; _builder_version=&#8220;4.20.4&#8243; _module_preset=&#8220;default&#8220; global_colors_info=&#8220;{}&#8220;][et_pb_column type=&#8220;1_3&#8243; _builder_version=&#8220;4.20.4&#8243; _module_preset=&#8220;default&#8220; global_colors_info=&#8220;{}&#8220;][\/et_pb_column][et_pb_column type=&#8220;1_3&#8243; _builder_version=&#8220;4.20.4&#8243; _module_preset=&#8220;default&#8220; global_colors_info=&#8220;{}&#8220;][et_pb_image src=&#8220;https:\/\/www.kinderchirurgie-solari.at\/wp-content\/uploads\/2023\/04\/Solari_Logo.png&#8220; title_text=&#8220;Solari_Logo&#8220; _builder_version=&#8220;4.21.0&#8243; _module_preset=&#8220;default&#8220; background_color=&#8220;#FFFFFF&#8220; hover_enabled=&#8220;0&#8243; global_colors_info=&#8220;{}&#8220; sticky_enabled=&#8220;0&#8243;][\/et_pb_image][\/et_pb_column][et_pb_column type=&#8220;1_3&#8243; _builder_version=&#8220;4.20.4&#8243; _module_preset=&#8220;default&#8220; global_colors_info=&#8220;{}&#8220;][\/et_pb_column][\/et_pb_row][et_pb_row _builder_version=&#8220;4.20.4&#8243; _module_preset=&#8220;default&#8220; global_colors_info=&#8220;{}&#8220;][et_pb_column type=&#8220;4_4&#8243; _builder_version=&#8220;4.20.4&#8243; _module_preset=&#8220;default&#8220; global_colors_info=&#8220;{}&#8220;][et_pb_text _builder_version=&#8220;4.20.4&#8243; _module_preset=&#8220;default&#8220; text_text_color=&#8220;#FFFFFF&#8220; text_font_size=&#8220;19px&#8220; header_text_color=&#8220;#FFFFFF&#8220; text_orientation=&#8220;center&#8220; global_colors_info=&#8220;{}&#8220;]<\/p>\n<h1>Herzlich willkommen bei der Kinderchirurgie in der Seestadt<\/h1>\n<p>&nbsp;<\/p>\n<p>Wir freuen uns, Sie in unserer Ordination medizinisch betreuen zu d\u00fcrfen.<br \/>Unser Behandlungsangebot richtet sich an die Kleinsten. Um Ihnen einen m\u00f6glichst<br \/>reibungslosen Ablauf zu gew\u00e4hrleisten, werden wir Sie auf den n\u00e4chsten<br \/>Seiten bestm\u00f6glich mit Informationen \u00fcber unsere Praxis versorgen.<\/p>\n<p>Wir w\u00fcrden uns sehr freuen, Sie pers\u00f6nlich in der<br \/>Seestadtpraxis begr\u00fc\u00dfen zu d\u00fcrfen!<\/p>\n<p>&nbsp;<\/p>\n<p>[\/et_pb_text][\/et_pb_column][\/et_pb_row][\/et_pb_section][et_pb_section fb_built=&#8220;1&#8243; _builder_version=&#8220;4.21.0&#8243; _module_preset=&#8220;default&#8220; custom_padding=&#8220;22px||0px|||&#8220; global_colors_info=&#8220;{}&#8220;][et_pb_row column_structure=&#8220;1_3,1_3,1_3&#8243; _builder_version=&#8220;4.21.0&#8243; _module_preset=&#8220;default&#8220; global_colors_info=&#8220;{}&#8220;][et_pb_column type=&#8220;1_3&#8243; _builder_version=&#8220;4.21.0&#8243; _module_preset=&#8220;default&#8220; global_colors_info=&#8220;{}&#8220;][\/et_pb_column][et_pb_column type=&#8220;1_3&#8243; _builder_version=&#8220;4.21.0&#8243; _module_preset=&#8220;default&#8220; global_colors_info=&#8220;{}&#8220;][et_pb_image src=&#8220;https:\/\/www.kinderchirurgie-solari.at\/wp-content\/uploads\/2023\/04\/Solari_Logo.png&#8220; title_text=&#8220;Solari_Logo&#8220; _builder_version=&#8220;4.21.0&#8243; _module_preset=&#8220;default&#8220; hover_enabled=&#8220;0&#8243; global_colors_info=&#8220;{}&#8220; sticky_enabled=&#8220;0&#8243;][\/et_pb_image][et_pb_text _builder_version=&#8220;4.21.0&#8243; _module_preset=&#8220;default&#8220; global_colors_info=&#8220;{}&#8220;]<\/p>\n<p style=\"text-align: center;\">Mittwoch 16:00-19:00,<br \/>nach Terminvereinbarung<\/p>\n<p style=\"text-align: center;\"><span lang=\"DE\">Privatordination \u2013 Keine Kassen<\/span><\/p>\n<p style=\"text-align: center;\"><strong>O\u00c4 Dr.in Valeria Solari, PhD, MRCS<\/strong><br \/>Maria-Tusch-Stra\u00dfe 35\/7\/EG\/1<br \/>1220 Wien<br \/>Tel. 0664-2803459<br \/>E-Mail\u00a0<a href=\"mailto:praxis@kinderchirurgie-solari.at\">praxis@kinderchirurgie-solari.at<\/a><\/p>\n<p>[\/et_pb_text][\/et_pb_column][et_pb_column type=&#8220;1_3&#8243; _builder_version=&#8220;4.21.0&#8243; _module_preset=&#8220;default&#8220; global_colors_info=&#8220;{}&#8220;][\/et_pb_column][\/et_pb_row][\/et_pb_section]<\/p>\n","protected":false},"excerpt":{"rendered":"<p>Herzlich willkommen bei der Kinderchirurgie in der Seestadt &nbsp; Wir freuen uns, Sie in unserer Ordination medizinisch betreuen zu d\u00fcrfen.Unser Behandlungsangebot richtet sich an die Kleinsten. Um Ihnen einen m\u00f6glichstreibungslosen Ablauf zu gew\u00e4hrleisten, werden wir Sie auf den n\u00e4chstenSeiten bestm\u00f6glich mit Informationen \u00fcber unsere Praxis versorgen. Wir w\u00fcrden uns sehr freuen, Sie pers\u00f6nlich in derSeestadtpraxis [&hellip;]<\/p>\n","protected":false},"author":1,"featured_media":0,"parent":0,"menu_order":0,"comment_status":"closed","ping_status":"closed","template":"","meta":{"_et_pb_use_builder":"on","_et_pb_old_content":"","_et_gb_content_width":"","footnotes":""},"class_list":["post-11","page","type-page","status-publish","hentry"],"_links":{"self":[{"href":"https:\/\/www.kinderchirurgie-solari.at\/index.php\/wp-json\/wp\/v2\/pages\/11","targetHints":{"allow":["GET"]}}],"collection":[{"href":"https:\/\/www.kinderchirurgie-solari.at\/index.php\/wp-json\/wp\/v2\/pages"}],"about":[{"href":"https:\/\/www.kinderchirurgie-solari.at\/index.php\/wp-json\/wp\/v2\/types\/page"}],"author":[{"embeddable":true,"href":"https:\/\/www.kinderchirurgie-solari.at\/index.php\/wp-json\/wp\/v2\/users\/1"}],"replies":[{"embeddable":true,"href":"https:\/\/www.kinderchirurgie-solari.at\/index.php\/wp-json\/wp\/v2\/comments?post=11"}],"version-history":[{"count":23,"href":"https:\/\/www.kinderchirurgie-solari.at\/index.php\/wp-json\/wp\/v2\/pages\/11\/revisions"}],"predecessor-version":[{"id":405,"href":"https:\/\/www.kinderchirurgie-solari.at\/index.php\/wp-json\/wp\/v2\/pages\/11\/revisions\/405"}],"wp:attachment":[{"href":"https:\/\/www.kinderchirurgie-solari.at\/index.php\/wp-json\/wp\/v2\/media?parent=11"}],"curies":[{"name":"wp","href":"https:\/\/api.w.org\/{rel}","templated":true}]}}