{"id":34,"date":"2023-04-18T10:44:18","date_gmt":"2023-04-18T10:44:18","guid":{"rendered":"https:\/\/dggd2.chd.at\/?page_id=34"},"modified":"2025-07-31T10:58:59","modified_gmt":"2025-07-31T10:58:59","slug":"ueber-mich","status":"publish","type":"page","link":"https:\/\/www.kinderchirurgie-solari.at\/index.php\/ueber-mich\/","title":{"rendered":"\u00dcber mich"},"content":{"rendered":"<p>[et_pb_section fb_built=&#8220;1&#8243; _builder_version=&#8220;4.20.4&#8243; _module_preset=&#8220;default&#8220; background_image=&#8220;https:\/\/www.kinderchirurgie-solari.at\/wp-content\/uploads\/2023\/04\/imago_kindteddy-scaled.jpg&#8220; background_size=&#8220;contain&#8220; min_height=&#8220;675px&#8220; bottom_divider_style=&#8220;waves&#8220; bottom_divider_color=&#8220;#003456&#8243; background_last_edited=&#8220;on|desktop&#8220; global_colors_info=&#8220;{}&#8220;][et_pb_row _builder_version=&#8220;4.20.4&#8243; _module_preset=&#8220;default&#8220; width=&#8220;47%&#8220; custom_margin=&#8220;|auto||-33px||&#8220; global_colors_info=&#8220;{}&#8220;][et_pb_column type=&#8220;4_4&#8243; _builder_version=&#8220;4.20.4&#8243; _module_preset=&#8220;default&#8220; global_colors_info=&#8220;{}&#8220;][et_pb_image src=&#8220;https:\/\/www.kinderchirurgie-solari.at\/wp-content\/uploads\/2023\/04\/sonne.png&#8220; title_text=&#8220;sonne&#8220; _builder_version=&#8220;4.20.4&#8243; _module_preset=&#8220;default&#8220; custom_margin=&#8220;-130px|||||&#8220; custom_padding=&#8220;|424px||||&#8220; global_colors_info=&#8220;{}&#8220;][\/et_pb_image][\/et_pb_column][\/et_pb_row][\/et_pb_section][et_pb_section fb_built=&#8220;1&#8243; _builder_version=&#8220;4.20.4&#8243; _module_preset=&#8220;default&#8220; background_color=&#8220;#003456&#8243; global_colors_info=&#8220;{}&#8220;][et_pb_row column_structure=&#8220;3_5,2_5&#8243; _builder_version=&#8220;4.20.4&#8243; _module_preset=&#8220;default&#8220; global_colors_info=&#8220;{}&#8220;][et_pb_column type=&#8220;3_5&#8243; _builder_version=&#8220;4.20.4&#8243; _module_preset=&#8220;default&#8220; global_colors_info=&#8220;{}&#8220;][et_pb_text _builder_version=&#8220;4.21.0&#8243; _module_preset=&#8220;default&#8220; text_text_color=&#8220;#FFFFFF&#8220; text_font_size=&#8220;19px&#8220; header_text_color=&#8220;#FFFFFF&#8220; text_orientation=&#8220;center&#8220; global_colors_info=&#8220;{}&#8220;]<\/p>\n<h1>\u00dcber mich<\/h1>\n<p>&nbsp;<\/p>\n<ul>\n<li style=\"text-align: left;\">Nach dem Medizin-Studium in Graz habe ich meine Ausbildung im Fach Kinder- und Jugendchirurgie an verschiedenen internationalen Universit\u00e4tskliniken (Gro\u00dfbritannien, Irland und USA) absolviert, darunter zwei Fellowships und ein Doktorat (University of Liverpool, GB und Children Hospital Los Angeles, USA).<\/li>\n<li style=\"text-align: left;\">Ich habe mich auf angeborene Fehlbildungen spezialisiert, mit einem speziellen Interesse am Gastrointestinal-Trakt.<\/li>\n<li style=\"text-align: left;\">Von 2018 bis 2025 war ich als Ober\u00e4rztin f\u00fcr Kinder- und Jugendchirurgie an der Klinik Donaustadt.<\/li>\n<li style=\"text-align: left;\">Derzeit bin ich als Ober\u00e4rztin in der Abteilung f\u00fcr Kinder- und Jugendchirurgie am Kepler Universit\u00e4tsklinikum Linz t\u00e4tig.<\/li>\n<li style=\"text-align: left;\">Zahlreiche wissenschaftliche Publikationen und mehr als 70 Vortr\u00e4ge bei internationalen Kongressen und Gesellschaften. Zuletzt fachwissenschaftliche Beitr\u00e4ge in Textbuch \u201ePediatric Surgery \u2013 Diagnosis and Management\u201c von Puri und H\u00f6llwarth (Springer Verlag 2023).<\/li>\n<\/ul>\n<p>&nbsp;<\/p>\n<p>[\/et_pb_text][\/et_pb_column][et_pb_column type=&#8220;2_5&#8243; _builder_version=&#8220;4.20.4&#8243; _module_preset=&#8220;default&#8220; global_colors_info=&#8220;{}&#8220;][et_pb_image src=&#8220;https:\/\/www.kinderchirurgie-solari.at\/wp-content\/uploads\/2023\/04\/Valeria-Solari.jpeg&#8220; title_text=&#8220;Valeria Solari&#8220; _builder_version=&#8220;4.20.4&#8243; _module_preset=&#8220;default&#8220; transform_rotate=&#8220;0deg|0deg|3deg&#8220; width=&#8220;57%&#8220; custom_margin=&#8220;84px|||30px|false|false&#8220; border_width_all=&#8220;4px&#8220; border_color_all=&#8220;#FFFFFF&#8220; box_shadow_style=&#8220;preset1&#8243; global_colors_info=&#8220;{}&#8220;][\/et_pb_image][\/et_pb_column][\/et_pb_row][\/et_pb_section][et_pb_section fb_built=&#8220;1&#8243; _builder_version=&#8220;4.21.0&#8243; _module_preset=&#8220;default&#8220; custom_padding=&#8220;22px||0px|||&#8220; global_colors_info=&#8220;{}&#8220;][et_pb_row column_structure=&#8220;1_3,1_3,1_3&#8243; _builder_version=&#8220;4.21.0&#8243; _module_preset=&#8220;default&#8220; global_colors_info=&#8220;{}&#8220;][et_pb_column type=&#8220;1_3&#8243; _builder_version=&#8220;4.21.0&#8243; _module_preset=&#8220;default&#8220; global_colors_info=&#8220;{}&#8220;][\/et_pb_column][et_pb_column type=&#8220;1_3&#8243; _builder_version=&#8220;4.21.0&#8243; _module_preset=&#8220;default&#8220; global_colors_info=&#8220;{}&#8220;][et_pb_image src=&#8220;https:\/\/www.kinderchirurgie-solari.at\/wp-content\/uploads\/2023\/04\/Solari_Logo.png&#8220; title_text=&#8220;Solari_Logo&#8220; _builder_version=&#8220;4.21.0&#8243; _module_preset=&#8220;default&#8220; global_colors_info=&#8220;{}&#8220;][\/et_pb_image][et_pb_text _builder_version=&#8220;4.21.0&#8243; _module_preset=&#8220;default&#8220; global_colors_info=&#8220;{}&#8220;]<\/p>\n<p style=\"text-align: center;\">Mittwoch 16:00-19:00,<br \/>nach Terminvereinbarung<\/p>\n<p style=\"text-align: center;\"><span lang=\"DE\">Privatordination \u2013 Keine Kassen<\/span><\/p>\n<p style=\"font-weight: 400; text-align: center;\"><strong>O\u00c4 Dr.in Valeria Solari, PhD, MRCS<\/strong><\/p>\n<p style=\"font-weight: 400; text-align: center;\"><strong><span lang=\"EN-US\"><\/span><\/strong>Maria-Tusch-Stra\u00dfe 35\/7\/EG\/1<br \/>1220 Wien<br \/>Tel. 0664-2803459<br \/>E-Mail <a href=\"mailto:praxis@kinderchirurgie-solari.at\">praxis@kinderchirurgie-solari.at<\/a><\/p>\n<p>[\/et_pb_text][\/et_pb_column][et_pb_column type=&#8220;1_3&#8243; _builder_version=&#8220;4.21.0&#8243; _module_preset=&#8220;default&#8220; global_colors_info=&#8220;{}&#8220;][\/et_pb_column][\/et_pb_row][\/et_pb_section]<\/p>\n","protected":false},"excerpt":{"rendered":"<p>\u00dcber mich &nbsp; Nach dem Medizin-Studium in Graz habe ich meine Ausbildung im Fach Kinder- und Jugendchirurgie an verschiedenen internationalen Universit\u00e4tskliniken (Gro\u00dfbritannien, Irland und USA) absolviert, darunter zwei Fellowships und ein Doktorat (University of Liverpool, GB und Children Hospital Los Angeles, USA). Ich habe mich auf angeborene Fehlbildungen spezialisiert, mit einem speziellen Interesse am Gastrointestinal-Trakt. [&hellip;]<\/p>\n","protected":false},"author":1,"featured_media":0,"parent":0,"menu_order":0,"comment_status":"closed","ping_status":"closed","template":"","meta":{"_et_pb_use_builder":"on","_et_pb_old_content":"","_et_gb_content_width":"","footnotes":""},"class_list":["post-34","page","type-page","status-publish","hentry"],"_links":{"self":[{"href":"https:\/\/www.kinderchirurgie-solari.at\/index.php\/wp-json\/wp\/v2\/pages\/34","targetHints":{"allow":["GET"]}}],"collection":[{"href":"https:\/\/www.kinderchirurgie-solari.at\/index.php\/wp-json\/wp\/v2\/pages"}],"about":[{"href":"https:\/\/www.kinderchirurgie-solari.at\/index.php\/wp-json\/wp\/v2\/types\/page"}],"author":[{"embeddable":true,"href":"https:\/\/www.kinderchirurgie-solari.at\/index.php\/wp-json\/wp\/v2\/users\/1"}],"replies":[{"embeddable":true,"href":"https:\/\/www.kinderchirurgie-solari.at\/index.php\/wp-json\/wp\/v2\/comments?post=34"}],"version-history":[{"count":15,"href":"https:\/\/www.kinderchirurgie-solari.at\/index.php\/wp-json\/wp\/v2\/pages\/34\/revisions"}],"predecessor-version":[{"id":440,"href":"https:\/\/www.kinderchirurgie-solari.at\/index.php\/wp-json\/wp\/v2\/pages\/34\/revisions\/440"}],"wp:attachment":[{"href":"https:\/\/www.kinderchirurgie-solari.at\/index.php\/wp-json\/wp\/v2\/media?parent=34"}],"curies":[{"name":"wp","href":"https:\/\/api.w.org\/{rel}","templated":true}]}}